{"id":93,"date":"2020-01-22T08:06:39","date_gmt":"2020-01-22T07:06:39","guid":{"rendered":"https:\/\/www.xlconseil.com\/?page_id=93"},"modified":"2024-05-03T14:51:57","modified_gmt":"2024-05-03T12:51:57","slug":"cookies-rgpd","status":"publish","type":"page","link":"https:\/\/www.xlconseil.com\/fr\/cookies-rgpd\/","title":{"rendered":"Cookies &#038; RGPD"},"content":{"rendered":"<div data-elementor-type=\"wp-page\" data-elementor-id=\"93\" class=\"elementor elementor-93\">\n\t\t\t\t<div class=\"elementor-element elementor-element-6c77bec e-flex e-con-boxed wpr-particle-no wpr-jarallax-no wpr-parallax-no wpr-sticky-section-no e-con e-parent\" data-id=\"6c77bec\" data-element_type=\"container\" data-settings=\"{&quot;background_background&quot;:&quot;classic&quot;}\">\n\t\t\t\t\t<div class=\"e-con-inner\">\n\t\t<div class=\"elementor-element elementor-element-dc3e3c0 e-con-full e-flex wpr-particle-no wpr-jarallax-no wpr-parallax-no wpr-sticky-section-no e-con e-child\" data-id=\"dc3e3c0\" data-element_type=\"container\" data-settings=\"{&quot;background_background&quot;:&quot;classic&quot;}\">\n\t\t\t\t<div class=\"elementor-element elementor-element-23bb709 elementor-widget elementor-widget-heading\" data-id=\"23bb709\" data-element_type=\"widget\" data-widget_type=\"heading.default\">\n\t\t\t\t<div class=\"elementor-widget-container\">\n\t\t\t<style>\/*! elementor - v3.21.0 - 22-05-2024 *\/\n.elementor-heading-title{padding:0;margin:0;line-height:1}.elementor-widget-heading .elementor-heading-title[class*=elementor-size-]>a{color:inherit;font-size:inherit;line-height:inherit}.elementor-widget-heading .elementor-heading-title.elementor-size-small{font-size:15px}.elementor-widget-heading .elementor-heading-title.elementor-size-medium{font-size:19px}.elementor-widget-heading .elementor-heading-title.elementor-size-large{font-size:29px}.elementor-widget-heading .elementor-heading-title.elementor-size-xl{font-size:39px}.elementor-widget-heading .elementor-heading-title.elementor-size-xxl{font-size:59px}<\/style><h2 class=\"elementor-heading-title elementor-size-default\">Cookies &amp; RGPD<\/h2>\t\t<\/div>\n\t\t\t\t<\/div>\n\t\t\t\t<div class=\"elementor-element elementor-element-aa38530 elementor-widget elementor-widget-text-editor\" data-id=\"aa38530\" data-element_type=\"widget\" data-widget_type=\"text-editor.default\">\n\t\t\t\t<div class=\"elementor-widget-container\">\n\t\t\t<style>\/*! elementor - v3.21.0 - 22-05-2024 *\/\n.elementor-widget-text-editor.elementor-drop-cap-view-stacked .elementor-drop-cap{background-color:#69727d;color:#fff}.elementor-widget-text-editor.elementor-drop-cap-view-framed .elementor-drop-cap{color:#69727d;border:3px solid;background-color:transparent}.elementor-widget-text-editor:not(.elementor-drop-cap-view-default) .elementor-drop-cap{margin-top:8px}.elementor-widget-text-editor:not(.elementor-drop-cap-view-default) .elementor-drop-cap-letter{width:1em;height:1em}.elementor-widget-text-editor .elementor-drop-cap{float:left;text-align:center;line-height:1;font-size:50px}.elementor-widget-text-editor .elementor-drop-cap-letter{display:inline-block}<\/style>\t\t\t\t<p>Le site que vous visitez utilise des traceurs (cookies). Ainsi, le site est susceptible d&#8217;acc\u00e9der \u00e0 des informations d\u00e9j\u00e0 stock\u00e9es dans votre \u00e9quipement terminal de communications \u00e9lectroniques et d&#8217;y inscrire des informations.<\/p><p><strong>Les traceurs utilis\u00e9s par le site rel\u00e8vent de deux cat\u00e9gories :<\/strong><\/p><p>&#8211; traceurs dits strictement n\u00e9cessaires, qui ne n\u00e9cessitent pas votre consentement pr\u00e9alable,<\/p><p>&#8211; autres traceurs soumis \u00e0 votre consentement pr\u00e9alable.<\/p><p><strong>1 &#8211; Traceurs exempt\u00e9s de consentement pr\u00e9alable<\/strong><\/p><p>Nous utilisons ces traceurs pour permettre et faciliter la navigation sur le site notamment en m\u00e9morisant vos pr\u00e9f\u00e9rences de navigation d\u00e9finies au cours de votre session \/ fournir les services que vous demandez express\u00e9ment et pour r\u00e9aliser des statistiques anonymes de visites.<\/p><p>Ces traceurs ne peuvent pas, techniquement, \u00eatre d\u00e9sactiv\u00e9s depuis le site. Vous pouvez n\u00e9anmoins vous opposer \u00e0 l&#8217;utilisation de ces traceurs, exclusivement en param\u00e9trant votre navigateur. Ce param\u00e9trage d\u00e9pend du navigateur que vous utilisez, mais il est en g\u00e9n\u00e9ral simple \u00e0 r\u00e9aliser : en principe, vous pouvez soit activer une fonction de navigation priv\u00e9e soit uniquement interdire ou restreindre les traceurs (cookies). Attention, il se peut que des traceurs aient \u00e9t\u00e9 enregistr\u00e9s sur votre p\u00e9riph\u00e9rique avant le param\u00e9trage de votre navigateur : dans ce cas, effacez votre historique de navigation, toujours en utilisant le param\u00e9trage de votre navigateur.<\/p><p><strong>2 &#8211; Traceurs soumis \u00e0 votre consentement pr\u00e9alable<\/strong><\/p><p>Le site utilise des traceurs sous notre contr\u00f4le qui sont soumis \u00e0 votre consentement pr\u00e9alable.<\/p><p><strong>2.1 &#8211; Traceurs sous notre contr\u00f4le<\/strong><\/p><p>Nous utilisons ces traceurs pour faciliter votre navigation uniquement.<\/p><p>Vous pouvez vous opposer \u00e0 l&#8217;utilisation de ces traceurs en param\u00e9trant votre navigateur.<\/p><p><strong>2.2 &#8211; Traceurs sous le contr\u00f4le de tiers<\/strong><\/p><p>Nous n&#8217;utilisons pas de traceurs plac\u00e9s sous le contr\u00f4le de tiers, qu&#8217;il s&#8217;agisse de soci\u00e9t\u00e9s de publicit\u00e9s ou de partenaires commerciaux.<\/p><p>L&#8217;utilisation des traceurs est r\u00e9gie par l&#8217;article 32 II de la loi n\u00b0 78-17 du 6 janvier 1978, transposant l&#8217;article 5.3 de la directive 2002\/58\/CE du parlement europ\u00e9en et du conseil du 12 juillet 2002 modifi\u00e9e par la directive 2009\/136\/CE.<\/p><p>Pour en savoir plus sur les cookies et traceurs, nous vous invitons \u00e0 consulter le site de la CNIL : www.cnil.fr.<\/p>\t\t\t\t\t\t<\/div>\n\t\t\t\t<\/div>\n\t\t\t\t<\/div>\n\t\t\t\t\t<\/div>\n\t\t\t\t<\/div>\n\t\t\t\t<\/div>","protected":false},"excerpt":{"rendered":"<p>Cookies &amp; RGPD Le site que vous visitez utilise des traceurs (cookies). Ainsi, le site est susceptible d&#8217;acc\u00e9der \u00e0 des informations d\u00e9j\u00e0 stock\u00e9es dans votre \u00e9quipement terminal de communications \u00e9lectroniques et d&#8217;y inscrire des informations. Les traceurs utilis\u00e9s par le site rel\u00e8vent de deux cat\u00e9gories : &#8211; traceurs dits strictement n\u00e9cessaires, qui ne n\u00e9cessitent pas [&hellip;]<\/p>","protected":false},"author":1,"featured_media":0,"parent":0,"menu_order":0,"comment_status":"closed","ping_status":"closed","template":"elementor_header_footer","meta":{"ocean_post_layout":"","ocean_both_sidebars_style":"","ocean_both_sidebars_content_width":0,"ocean_both_sidebars_sidebars_width":0,"ocean_sidebar":"","ocean_second_sidebar":"","ocean_disable_margins":"enable","ocean_add_body_class":"","ocean_shortcode_before_top_bar":"","ocean_shortcode_after_top_bar":"","ocean_shortcode_before_header":"","ocean_shortcode_after_header":"","ocean_has_shortcode":"","ocean_shortcode_after_title":"","ocean_shortcode_before_footer_widgets":"","ocean_shortcode_after_footer_widgets":"","ocean_shortcode_before_footer_bottom":"","ocean_shortcode_after_footer_bottom":"","ocean_display_top_bar":"default","ocean_display_header":"default","ocean_header_style":"","ocean_center_header_left_menu":"","ocean_custom_header_template":"","ocean_custom_logo":0,"ocean_custom_retina_logo":0,"ocean_custom_logo_max_width":0,"ocean_custom_logo_tablet_max_width":0,"ocean_custom_logo_mobile_max_width":0,"ocean_custom_logo_max_height":0,"ocean_custom_logo_tablet_max_height":0,"ocean_custom_logo_mobile_max_height":0,"ocean_header_custom_menu":"","ocean_menu_typo_font_family":"","ocean_menu_typo_font_subset":"","ocean_menu_typo_font_size":0,"ocean_menu_typo_font_size_tablet":0,"ocean_menu_typo_font_size_mobile":0,"ocean_menu_typo_font_size_unit":"px","ocean_menu_typo_font_weight":"","ocean_menu_typo_font_weight_tablet":"","ocean_menu_typo_font_weight_mobile":"","ocean_menu_typo_transform":"","ocean_menu_typo_transform_tablet":"","ocean_menu_typo_transform_mobile":"","ocean_menu_typo_line_height":0,"ocean_menu_typo_line_height_tablet":0,"ocean_menu_typo_line_height_mobile":0,"ocean_menu_typo_line_height_unit":"","ocean_menu_typo_spacing":0,"ocean_menu_typo_spacing_tablet":0,"ocean_menu_typo_spacing_mobile":0,"ocean_menu_typo_spacing_unit":"","ocean_menu_link_color":"","ocean_menu_link_color_hover":"","ocean_menu_link_color_active":"","ocean_menu_link_background":"","ocean_menu_link_hover_background":"","ocean_menu_link_active_background":"","ocean_menu_social_links_bg":"","ocean_menu_social_hover_links_bg":"","ocean_menu_social_links_color":"","ocean_menu_social_hover_links_color":"","ocean_disable_title":"default","ocean_disable_heading":"default","ocean_post_title":"","ocean_post_subheading":"","ocean_post_title_style":"","ocean_post_title_background_color":"","ocean_post_title_background":0,"ocean_post_title_bg_image_position":"","ocean_post_title_bg_image_attachment":"","ocean_post_title_bg_image_repeat":"","ocean_post_title_bg_image_size":"","ocean_post_title_height":0,"ocean_post_title_bg_overlay":0.5,"ocean_post_title_bg_overlay_color":"","ocean_disable_breadcrumbs":"default","ocean_breadcrumbs_color":"","ocean_breadcrumbs_separator_color":"","ocean_breadcrumbs_links_color":"","ocean_breadcrumbs_links_hover_color":"","ocean_display_footer_widgets":"default","ocean_display_footer_bottom":"default","ocean_custom_footer_template":"","footnotes":""},"class_list":["post-93","page","type-page","status-publish","hentry","entry"],"_links":{"self":[{"href":"https:\/\/www.xlconseil.com\/fr\/wp-json\/wp\/v2\/pages\/93","targetHints":{"allow":["GET"]}}],"collection":[{"href":"https:\/\/www.xlconseil.com\/fr\/wp-json\/wp\/v2\/pages"}],"about":[{"href":"https:\/\/www.xlconseil.com\/fr\/wp-json\/wp\/v2\/types\/page"}],"author":[{"embeddable":true,"href":"https:\/\/www.xlconseil.com\/fr\/wp-json\/wp\/v2\/users\/1"}],"replies":[{"embeddable":true,"href":"https:\/\/www.xlconseil.com\/fr\/wp-json\/wp\/v2\/comments?post=93"}],"version-history":[{"count":38,"href":"https:\/\/www.xlconseil.com\/fr\/wp-json\/wp\/v2\/pages\/93\/revisions"}],"predecessor-version":[{"id":1709,"href":"https:\/\/www.xlconseil.com\/fr\/wp-json\/wp\/v2\/pages\/93\/revisions\/1709"}],"wp:attachment":[{"href":"https:\/\/www.xlconseil.com\/fr\/wp-json\/wp\/v2\/media?parent=93"}],"curies":[{"name":"wp","href":"https:\/\/api.w.org\/{rel}","templated":true}]}}